{"id":10,"date":"2026-04-01T10:54:35","date_gmt":"2026-04-01T07:54:35","guid":{"rendered":"https:\/\/cbshost.com\/index.php\/cart\/"},"modified":"2026-04-02T12:07:51","modified_gmt":"2026-04-02T09:07:51","slug":"cart","status":"publish","type":"page","link":"https:\/\/cbshost.com\/tr\/cart\/","title":{"rendered":"Cart"},"content":{"rendered":"<div data-block-name=\"woocommerce\/cart\" class=\"wp-block-woocommerce-cart alignwide is-loading\">\n<div data-block-name=\"woocommerce\/filled-cart-block\" class=\"wp-block-woocommerce-filled-cart-block\">\n<div data-block-name=\"woocommerce\/cart-items-block\" class=\"wp-block-woocommerce-cart-items-block\">\n<div data-block-name=\"woocommerce\/cart-line-items-block\" class=\"wp-block-woocommerce-cart-line-items-block\"><\/div>\n\n\n<\/div>\n\n\n\n\n<div data-block-name=\"woocommerce\/cart-totals-block\" class=\"wp-block-woocommerce-cart-totals-block\">\n<div data-block-name=\"woocommerce\/cart-order-summary-block\" class=\"wp-block-woocommerce-cart-order-summary-block\">\n<div data-block-name=\"woocommerce\/cart-order-summary-heading-block\" class=\"wp-block-woocommerce-cart-order-summary-heading-block\"><\/div><div data-block-name=\"woocommerce\/cart-order-summary-coupon-form-block\" class=\"wp-block-woocommerce-cart-order-summary-coupon-form-block\"><\/div><div data-block-name=\"woocommerce\/cart-order-summary-totals-block\" class=\"wp-block-woocommerce-cart-order-summary-totals-block\">\n<div data-block-name=\"woocommerce\/cart-order-summary-subtotal-block\" class=\"wp-block-woocommerce-cart-order-summary-subtotal-block\"><\/div>\n<div data-block-name=\"woocommerce\/cart-order-summary-discount-block\" class=\"wp-block-woocommerce-cart-order-summary-discount-block\"><\/div>\n<div data-block-name=\"woocommerce\/cart-order-summary-fee-block\" class=\"wp-block-woocommerce-cart-order-summary-fee-block\"><\/div>\n<div data-block-name=\"woocommerce\/cart-order-summary-shipping-block\" class=\"wp-block-woocommerce-cart-order-summary-shipping-block\"><\/div>\n<div data-block-name=\"woocommerce\/cart-order-summary-taxes-block\" class=\"wp-block-woocommerce-cart-order-summary-taxes-block\"><\/div><\/div>\n<\/div>\n\n\n\n<div data-block-name=\"woocommerce\/cart-express-payment-block\" class=\"wp-block-woocommerce-cart-express-payment-block\"><\/div>\n\n\n\n<div data-block-name=\"woocommerce\/proceed-to-checkout-block\" class=\"wp-block-woocommerce-proceed-to-checkout-block\"><\/div>\n\n\n\n<div data-block-name=\"woocommerce\/cart-accepted-payment-methods-block\" class=\"wp-block-woocommerce-cart-accepted-payment-methods-block\"><\/div>\n<\/div>\n<\/div>\n\n\n\n<div data-block-name=\"woocommerce\/empty-cart-block\" class=\"wp-block-woocommerce-empty-cart-block\">\n<h2 class=\"wp-block-heading has-text-align-center with-empty-cart-icon wc-block-cart__empty-cart__title\">Your cart is currently empty!<\/h2>\n\n\n\n<hr class=\"wp-block-separator has-alpha-channel-opacity is-style-dots\"\/>\n\n\n\n<h2 class=\"wp-block-heading has-text-align-center\">New in store<\/h2>\n\n\n<div data-block-name=\"woocommerce\/product-new\" data-columns=\"4\" data-rows=\"1\" class=\"wc-block-grid wp-block-product-new wp-block-woocommerce-product-new wc-block-product-new has-4-columns\"><ul class=\"wc-block-grid__products\"><li class=\"wc-block-grid__product\">\n\t\t\t\t<a href=\"https:\/\/cbshost.com\/tr\/urun\/managed-backup-appliance\/\" class=\"wc-block-grid__product-link\">\n\t\t\t\t\t\n\t\t\t\t\t<div class=\"wc-block-grid__product-image\"><img fetchpriority=\"high\" decoding=\"async\" width=\"300\" height=\"300\" src=\"https:\/\/cbshost.com\/wp-content\/uploads\/2024\/01\/Managed-Backup-Appliance-1-300x300.jpg\" class=\"attachment-woocommerce_thumbnail size-woocommerce_thumbnail\" alt=\"Managed Backup Appliance\" srcset=\"https:\/\/cbshost.com\/wp-content\/uploads\/2024\/01\/Managed-Backup-Appliance-1-300x300.jpg 300w, https:\/\/cbshost.com\/wp-content\/uploads\/2024\/01\/Managed-Backup-Appliance-1-150x150.jpg 150w, https:\/\/cbshost.com\/wp-content\/uploads\/2024\/01\/Managed-Backup-Appliance-1-768x768.jpg 768w, https:\/\/cbshost.com\/wp-content\/uploads\/2024\/01\/Managed-Backup-Appliance-1-600x600.jpg 600w, https:\/\/cbshost.com\/wp-content\/uploads\/2024\/01\/Managed-Backup-Appliance-1-100x100.jpg 100w, https:\/\/cbshost.com\/wp-content\/uploads\/2024\/01\/Managed-Backup-Appliance-1.jpg 801w\" sizes=\"(max-width: 300px) 100vw, 300px\" \/><\/div>\n\t\t\t\t\t<div class=\"wc-block-grid__product-title\">Managed Backup Appliance<\/div>\n\t\t\t\t<\/a>\n\t\t\t\t<div class=\"wc-block-grid__product-price price\"><span class=\"woocommerce-Price-amount amount\"><span class=\"woocommerce-Price-currencySymbol\">&#036;<\/span>11.05<\/span><\/div>\n\t\t\t\t\n\t\t\t\t<div class=\"wp-block-button wc-block-grid__product-add-to-cart\"><a href=\"https:\/\/mercantile.wordpress.org\/product\/wordpress-pennant\/\" aria-label=\"Buy on the WordPress swag store!\" data-quantity=\"1\" data-product_id=\"14786\" data-product_sku=\"managed-backup-appliance\" data-price=\"11.05\" rel=\"nofollow\" class=\"wp-block-button__link  add_to_cart_button\">Buy on the WordPress swag store!<\/a><\/div>\n\t\t\t<\/li><li class=\"wc-block-grid__product\">\n\t\t\t\t<a href=\"https:\/\/cbshost.com\/tr\/urun\/hardware-firewall-appliance\/\" class=\"wc-block-grid__product-link\">\n\t\t\t\t\t\n\t\t\t\t\t<div class=\"wc-block-grid__product-image\"><img decoding=\"async\" width=\"300\" height=\"300\" src=\"https:\/\/cbshost.com\/wp-content\/uploads\/2024\/01\/Hardware-Firewall-Appliance-300x300.jpg\" class=\"attachment-woocommerce_thumbnail size-woocommerce_thumbnail\" alt=\"Hardware Firewall Appliance\" srcset=\"https:\/\/cbshost.com\/wp-content\/uploads\/2024\/01\/Hardware-Firewall-Appliance-300x300.jpg 300w, https:\/\/cbshost.com\/wp-content\/uploads\/2024\/01\/Hardware-Firewall-Appliance-150x150.jpg 150w, https:\/\/cbshost.com\/wp-content\/uploads\/2024\/01\/Hardware-Firewall-Appliance-768x768.jpg 768w, https:\/\/cbshost.com\/wp-content\/uploads\/2024\/01\/Hardware-Firewall-Appliance-600x600.jpg 600w, https:\/\/cbshost.com\/wp-content\/uploads\/2024\/01\/Hardware-Firewall-Appliance-100x100.jpg 100w, https:\/\/cbshost.com\/wp-content\/uploads\/2024\/01\/Hardware-Firewall-Appliance.jpg 801w\" sizes=\"(max-width: 300px) 100vw, 300px\" \/><\/div>\n\t\t\t\t\t<div class=\"wc-block-grid__product-title\">Hardware Firewall Appliance<\/div>\n\t\t\t\t<\/a>\n\t\t\t\t<div class=\"wc-block-grid__product-price price\"><span class=\"woocommerce-Price-amount amount\"><span class=\"woocommerce-Price-currencySymbol\">&#036;<\/span>235.00<\/span><\/div>\n\t\t\t\t\n\t\t\t\t<div class=\"wp-block-button wc-block-grid__product-add-to-cart\"><a href=\"\/tr\/wp-json\/wp\/v2\/pages\/10?add-to-cart=14785\" aria-label=\"Sepete ekle: \u201cHardware Firewall Appliance\u201d\" data-quantity=\"1\" data-product_id=\"14785\" data-product_sku=\"hardware-firewall-appliance\" data-price=\"235\" rel=\"nofollow\" class=\"wp-block-button__link  add_to_cart_button ajax_add_to_cart\" data-no-translation=\"\" data-trp-gettext=\"\" data-no-translation-aria-label=\"\">Sepete Ekle<\/a><\/div>\n\t\t\t<\/li><li class=\"wc-block-grid__product\">\n\t\t\t\t<a href=\"https:\/\/cbshost.com\/tr\/urun\/network-switch\/\" class=\"wc-block-grid__product-link\">\n\t\t\t\t\t<div class=\"wc-block-grid__product-onsale\">\n\t\t\t<span aria-hidden=\"true\" data-no-translation=\"\" data-trp-gettext=\"\">\u0130ndirim<\/span>\n\t\t\t<span class=\"screen-reader-text\" data-no-translation=\"\" data-trp-gettext=\"\">\u0130ndirimdeki \u00fcr\u00fcn<\/span>\n\t\t<\/div>\n\t\t\t\t\t<div class=\"wc-block-grid__product-image\"><img decoding=\"async\" width=\"300\" height=\"300\" src=\"https:\/\/cbshost.com\/wp-content\/uploads\/2024\/01\/Network-Switch-300x300.jpg\" class=\"attachment-woocommerce_thumbnail size-woocommerce_thumbnail\" alt=\"Network Switch\" srcset=\"https:\/\/cbshost.com\/wp-content\/uploads\/2024\/01\/Network-Switch-300x300.jpg 300w, https:\/\/cbshost.com\/wp-content\/uploads\/2024\/01\/Network-Switch-150x150.jpg 150w, https:\/\/cbshost.com\/wp-content\/uploads\/2024\/01\/Network-Switch-768x768.jpg 768w, https:\/\/cbshost.com\/wp-content\/uploads\/2024\/01\/Network-Switch-600x600.jpg 600w, https:\/\/cbshost.com\/wp-content\/uploads\/2024\/01\/Network-Switch-100x100.jpg 100w, https:\/\/cbshost.com\/wp-content\/uploads\/2024\/01\/Network-Switch.jpg 801w\" sizes=\"(max-width: 300px) 100vw, 300px\" \/><\/div>\n\t\t\t\t\t<div class=\"wc-block-grid__product-title\">Network Switch<\/div>\n\t\t\t\t<\/a>\n\t\t\t\t<div class=\"wc-block-grid__product-price price\"><del aria-hidden=\"true\"><span class=\"woocommerce-Price-amount amount\"><span class=\"woocommerce-Price-currencySymbol\">&#036;<\/span>20.00<\/span><\/del> <span class=\"screen-reader-text\" data-no-translation=\"\" data-trp-gettext=\"\">Orijinal fiyat: &#036;20.00.<\/span><ins aria-hidden=\"true\"><span class=\"woocommerce-Price-amount amount\"><span class=\"woocommerce-Price-currencySymbol\">&#036;<\/span>18.00<\/span><\/ins><span class=\"screen-reader-text\" data-no-translation=\"\" data-trp-gettext=\"\">\u015eu andaki fiyat: &#036;18.00.<\/span><\/div>\n\t\t\t\t\n\t\t\t\t<div class=\"wp-block-button wc-block-grid__product-add-to-cart\"><a href=\"\/tr\/wp-json\/wp\/v2\/pages\/10?add-to-cart=14784\" aria-label=\"Sepete ekle: \u201cNetwork Switch\u201d\" data-quantity=\"1\" data-product_id=\"14784\" data-product_sku=\"network-switch\" data-price=\"18\" rel=\"nofollow\" class=\"wp-block-button__link  add_to_cart_button ajax_add_to_cart\" data-no-translation=\"\" data-trp-gettext=\"\" data-no-translation-aria-label=\"\">Sepete Ekle<\/a><\/div>\n\t\t\t<\/li><li class=\"wc-block-grid__product\">\n\t\t\t\t<a href=\"https:\/\/cbshost.com\/tr\/urun\/rack-mounted-server\/\" class=\"wc-block-grid__product-link\">\n\t\t\t\t\t\n\t\t\t\t\t<div class=\"wc-block-grid__product-image\"><img loading=\"lazy\" decoding=\"async\" width=\"300\" height=\"300\" src=\"https:\/\/cbshost.com\/wp-content\/uploads\/2024\/01\/Rack-Mounted-Server-300x300.jpg\" class=\"attachment-woocommerce_thumbnail size-woocommerce_thumbnail\" alt=\"Rack-Mounted Server\" srcset=\"https:\/\/cbshost.com\/wp-content\/uploads\/2024\/01\/Rack-Mounted-Server-300x300.jpg 300w, https:\/\/cbshost.com\/wp-content\/uploads\/2024\/01\/Rack-Mounted-Server-150x150.jpg 150w, https:\/\/cbshost.com\/wp-content\/uploads\/2024\/01\/Rack-Mounted-Server-768x768.jpg 768w, https:\/\/cbshost.com\/wp-content\/uploads\/2024\/01\/Rack-Mounted-Server-600x600.jpg 600w, https:\/\/cbshost.com\/wp-content\/uploads\/2024\/01\/Rack-Mounted-Server-100x100.jpg 100w, https:\/\/cbshost.com\/wp-content\/uploads\/2024\/01\/Rack-Mounted-Server.jpg 801w\" sizes=\"(max-width: 300px) 100vw, 300px\" \/><\/div>\n\t\t\t\t\t<div class=\"wc-block-grid__product-title\">Rack-Mounted Server<\/div>\n\t\t\t\t<\/a>\n\t\t\t\t<div class=\"wc-block-grid__product-price price\"><span class=\"woocommerce-Price-amount amount\"><span class=\"woocommerce-Price-currencySymbol\">&#036;<\/span>18.00<\/span><\/div>\n\t\t\t\t\n\t\t\t\t<div class=\"wp-block-button wc-block-grid__product-add-to-cart\"><a href=\"\/tr\/wp-json\/wp\/v2\/pages\/10?add-to-cart=14783\" aria-label=\"Sepete ekle: \u201cRack-Mounted Server\u201d\" data-quantity=\"1\" data-product_id=\"14783\" data-product_sku=\"rack-mounted-server\" data-price=\"18\" rel=\"nofollow\" class=\"wp-block-button__link  add_to_cart_button ajax_add_to_cart\" data-no-translation=\"\" data-trp-gettext=\"\" data-no-translation-aria-label=\"\">Sepete Ekle<\/a><\/div>\n\t\t\t<\/li><\/ul><\/div><\/div>\n<\/div>","protected":false},"excerpt":{"rendered":"","protected":false},"author":1,"featured_media":0,"parent":0,"menu_order":0,"comment_status":"closed","ping_status":"closed","template":"","meta":{"footnotes":""},"class_list":["post-10","page","type-page","status-publish","hentry"],"_links":{"self":[{"href":"https:\/\/cbshost.com\/tr\/wp-json\/wp\/v2\/pages\/10","targetHints":{"allow":["GET"]}}],"collection":[{"href":"https:\/\/cbshost.com\/tr\/wp-json\/wp\/v2\/pages"}],"about":[{"href":"https:\/\/cbshost.com\/tr\/wp-json\/wp\/v2\/types\/page"}],"author":[{"embeddable":true,"href":"https:\/\/cbshost.com\/tr\/wp-json\/wp\/v2\/users\/1"}],"replies":[{"embeddable":true,"href":"https:\/\/cbshost.com\/tr\/wp-json\/wp\/v2\/comments?post=10"}],"version-history":[{"count":1,"href":"https:\/\/cbshost.com\/tr\/wp-json\/wp\/v2\/pages\/10\/revisions"}],"predecessor-version":[{"id":14,"href":"https:\/\/cbshost.com\/tr\/wp-json\/wp\/v2\/pages\/10\/revisions\/14"}],"wp:attachment":[{"href":"https:\/\/cbshost.com\/tr\/wp-json\/wp\/v2\/media?parent=10"}],"curies":[{"name":"wp","href":"https:\/\/api.w.org\/{rel}","templated":true}]}}